{"id":2036,"date":"2026-02-09T14:18:38","date_gmt":"2026-02-09T13:18:38","guid":{"rendered":"https:\/\/aloashop.com\/product\/minimalist-heart-necklace-for-women\/"},"modified":"2026-02-11T16:54:29","modified_gmt":"2026-02-11T15:54:29","slug":"minimalist-heart-necklace-for-women","status":"publish","type":"product","link":"https:\/\/aloashop.com\/es\/producto\/minimalist-heart-necklace-for-women\/","title":{"rendered":"Collar de coraz\u00f3n minimalista"},"content":{"rendered":"<h2 data-start=\"118\" data-end=\"169\">Collar minimalista con colgante de coraz\u00f3n<\/h2>\n<h3 data-start=\"170\" data-end=\"218\">Elegancia delicada que habla desde el coraz\u00f3n.<\/h3>\n<p data-start=\"220\" data-end=\"373\">Un peque\u00f1o detalle con un profundo significado. Este fino collar con colgante de coraz\u00f3n est\u00e1 dise\u00f1ado para mujeres que aprecian la elegancia sutil y los accesorios con significado.<\/p>\n<p data-start=\"375\" data-end=\"543\">Su delicado dise\u00f1o a\u00f1ade un toque rom\u00e1ntico y sofisticado sin ser abrumador, convirti\u00e9ndolo en el complemento perfecto tanto para el d\u00eda a d\u00eda como para ocasiones especiales.<\/p>\n<hr data-start=\"545\" data-end=\"548\" \/>\n<h2 data-start=\"550\" data-end=\"583\">Dise\u00f1o elegante y vers\u00e1til<\/h2>\n<p data-start=\"585\" data-end=\"721\">El coraz\u00f3n, s\u00edmbolo universal del amor y la conexi\u00f3n, est\u00e1 elaborado en un tama\u00f1o peque\u00f1o y refinado para mantener una est\u00e9tica moderna y minimalista.<\/p>\n<p data-start=\"723\" data-end=\"879\">Disponible en <strong data-start=\"736\" data-end=\"761\">acabado dorado o plateado<\/strong>, allowing you to choose the tone that best suits your personal style or pairs effortlessly with other jewelry pieces.<\/p>\n<hr data-start=\"881\" data-end=\"884\" \/>\n<h2 data-start=\"886\" data-end=\"907\">Detalles de producto<\/h2>\n<ul data-start=\"909\" data-end=\"1096\">\n<li data-start=\"909\" data-end=\"935\">\n<p data-start=\"911\" data-end=\"935\">Tipo: Collar colgante<\/p>\n<\/li>\n<li data-start=\"936\" data-end=\"965\">\n<p data-start=\"938\" data-end=\"965\">Dise\u00f1o: Charm de coraz\u00f3n peque\u00f1o<\/p>\n<\/li>\n<li data-start=\"966\" data-end=\"1003\">\n<p data-start=\"968\" data-end=\"1003\">Estilo: Fino, minimalista, femenino<\/p>\n<\/li>\n<li data-start=\"1004\" data-end=\"1039\">\n<p data-start=\"1006\" data-end=\"1039\">Colores disponibles: Oro \/ Plata<\/p>\n<\/li>\n<li data-start=\"1040\" data-end=\"1096\">\n<p data-start=\"1042\" data-end=\"1096\">Ideal para: uso diario, ocasiones especiales o regalos.<\/p>\n<\/li>\n<\/ul>\n<hr data-start=\"1098\" data-end=\"1101\" \/>\n<h2 data-start=\"1103\" data-end=\"1125\">El regalo perfecto<\/h2>\n<p data-start=\"1127\" data-end=\"1298\">Una opci\u00f3n ideal para cumplea\u00f1os, aniversarios, San Valent\u00edn o simplemente para sorprender a alguien especial. Una pieza que simboliza cari\u00f1o, conexi\u00f3n y elegancia atemporal.<\/p>\n<hr data-start=\"1300\" data-end=\"1303\" \/>\n<h2 data-start=\"1305\" data-end=\"1348\">Un s\u00edmbolo atemporal en una pieza delicada.<\/h2>\n<p data-start=\"1350\" data-end=\"1457\">A\u00f1ade un toque refinado y significativo a tu colecci\u00f3n de joyas con un collar que nunca pasa de moda.<\/p>\n<p>&nbsp;<\/p>\n<p><img loading=\"lazy\" decoding=\"async\" src=\"\/\/ae01.alicdn.com\/kf\/Se1b93e79e28c49908b682182dd469f70z.jpg\" width=\"600\" height=\"600\" \/><\/p>\n<p>&nbsp;<\/p>\n<p>&nbsp;<\/p>\n<p><img loading=\"lazy\" decoding=\"async\" src=\"\/\/ae01.alicdn.com\/kf\/S2e3873ad18fb44068b17435238a05b9aR.jpg\" width=\"600\" height=\"600\" \/><\/p>\n<p>&nbsp;<\/p>\n<p>&nbsp;<\/p>","protected":false},"excerpt":{"rendered":"<p>Minimalist Heart Pendant Necklace Delicate elegance that speaks from the heart A small detail with a powerful meaning. This fine heart pendant necklace is designed for women who appreciate subtle elegance and meaningful accessories. Its delicate design adds a romantic and sophisticated touch without being overpowering, making it the perfect complement for everyday wear as [&hellip;]<\/p>\n","protected":false},"featured_media":2039,"template":"","meta":{"jetpack_post_was_ever_published":false},"product_brand":[],"product_cat":[43,169],"product_tag":[],"class_list":{"0":"post-2036","1":"product","2":"type-product","3":"status-publish","4":"has-post-thumbnail","6":"product_cat-pendants","7":"product_cat-women-pendants","9":"first","10":"instock","11":"taxable","12":"shipping-taxable","13":"purchasable","14":"product-type-variable"},"jetpack_sharing_enabled":true,"_links":{"self":[{"href":"https:\/\/aloashop.com\/es\/wp-json\/wp\/v2\/product\/2036","targetHints":{"allow":["GET"]}}],"collection":[{"href":"https:\/\/aloashop.com\/es\/wp-json\/wp\/v2\/product"}],"about":[{"href":"https:\/\/aloashop.com\/es\/wp-json\/wp\/v2\/types\/product"}],"wp:featuredmedia":[{"embeddable":true,"href":"https:\/\/aloashop.com\/es\/wp-json\/wp\/v2\/media\/2039"}],"wp:attachment":[{"href":"https:\/\/aloashop.com\/es\/wp-json\/wp\/v2\/media?parent=2036"}],"wp:term":[{"taxonomy":"product_brand","embeddable":true,"href":"https:\/\/aloashop.com\/es\/wp-json\/wp\/v2\/product_brand?post=2036"},{"taxonomy":"product_cat","embeddable":true,"href":"https:\/\/aloashop.com\/es\/wp-json\/wp\/v2\/product_cat?post=2036"},{"taxonomy":"product_tag","embeddable":true,"href":"https:\/\/aloashop.com\/es\/wp-json\/wp\/v2\/product_tag?post=2036"}],"curies":[{"name":"wp","href":"https:\/\/api.w.org\/{rel}","templated":true}]}}