{"id":1988,"date":"2026-02-09T13:26:46","date_gmt":"2026-02-09T12:26:46","guid":{"rendered":"https:\/\/aloashop.com\/product\/stainless-steel-roman-numeral-necklace-with-interlocking-circles\/"},"modified":"2026-02-11T17:01:42","modified_gmt":"2026-02-11T16:01:42","slug":"stainless-steel-roman-numeral-necklace-with-interlocking-circles","status":"publish","type":"product","link":"https:\/\/aloashop.com\/es\/producto\/stainless-steel-roman-numeral-necklace-with-interlocking-circles\/","title":{"rendered":"Collar de acero inoxidable con n\u00fameros romanos y anillos entrelazados"},"content":{"rendered":"<div style=\"width: 790px;\">\n<h2 data-start=\"182\" data-end=\"235\">Collar colgante de anillos entrelazados<\/h2>\n<h3 data-start=\"236\" data-end=\"289\">Un s\u00edmbolo de unidad, eternidad y elegancia refinada<\/h3>\n<p data-start=\"291\" data-end=\"413\">Este elegante collar presenta dos anillos bellamente entrelazados, que representan la conexi\u00f3n, el equilibrio y los v\u00ednculos eternos.<\/p>\n<p data-start=\"415\" data-end=\"654\">Un anillo presenta un dise\u00f1o m\u00e1s fino, grabado con delicados n\u00fameros romanos, que simbolizan la atemporalidad y un significado perdurable. El segundo anillo es ligeramente m\u00e1s ancho, con un acabado pulido y radiante que aporta brillo y contraste a la pieza.<\/p>\n<hr data-start=\"656\" data-end=\"659\" \/>\n<h2 data-start=\"661\" data-end=\"710\">\u00a0Dise\u00f1o significativo con sofisticaci\u00f3n moderna<\/h2>\n<p data-start=\"712\" data-end=\"840\">La armon\u00eda entre el fino anillo grabado y la audaz banda pulida crea un equilibrio visual perfecto \u2014   sutil pero distintivo.<\/p>\n<p data-start=\"842\" data-end=\"1008\">Disponible en <strong data-start=\"855\" data-end=\"880\">acabado dorado o plateado<\/strong>, este collar complementa estilos minimalistas y llamativos, lo que lo hace adecuado para la elegancia diaria o para ocasiones especiales.<\/p>\n<hr data-start=\"1010\" data-end=\"1013\" \/>\n<h2 data-start=\"1015\" data-end=\"1036\">Detalles de producto<\/h2>\n<ul data-start=\"1038\" data-end=\"1341\">\n<li data-start=\"1038\" data-end=\"1064\">\n<p data-start=\"1040\" data-end=\"1064\">Tipo: Collar colgante<\/p>\n<\/li>\n<li data-start=\"1065\" data-end=\"1099\">\n<p data-start=\"1067\" data-end=\"1099\">Dise\u00f1o: Dos anillos entrelazados<\/p>\n<\/li>\n<li data-start=\"1100\" data-end=\"1203\">\n<p data-start=\"1102\" data-end=\"1112\">Detalles:<\/p>\n<ul data-start=\"1115\" data-end=\"1203\">\n<li data-start=\"1115\" data-end=\"1158\">\n<p data-start=\"1117\" data-end=\"1158\">Anillo fino con grabados de n\u00fameros romanos<\/p>\n<\/li>\n<li data-start=\"1161\" data-end=\"1203\">\n<p data-start=\"1163\" data-end=\"1203\">Anillo m\u00e1s ancho con acabado pulido y brillante.<\/p>\n<\/li>\n<\/ul>\n<\/li>\n<li data-start=\"1204\" data-end=\"1239\">\n<p data-start=\"1206\" data-end=\"1239\">Colores disponibles: Oro \/ Plata<\/p>\n<\/li>\n<li data-start=\"1240\" data-end=\"1282\">\n<p data-start=\"1242\" data-end=\"1282\">Estilo: Elegante, simb\u00f3lica, contempor\u00e1nea<\/p>\n<\/li>\n<li data-start=\"1283\" data-end=\"1341\">\n<p data-start=\"1285\" data-end=\"1341\">Ideal para: uso diario, aniversarios, regalos significativos.<\/p>\n<\/li>\n<\/ul>\n<hr data-start=\"1343\" data-end=\"1346\" \/>\n<h2 data-start=\"1348\" data-end=\"1380\">Un regalo con profundo simbolismo<\/h2>\n<p data-start=\"1382\" data-end=\"1571\">Los anillos entrelazados representan unidad, amor, compromiso y conexi\u00f3n infinita. Un regalo perfecto para aniversarios, parejas, amigos cercanos o cualquier persona con quien compartas un v\u00ednculo especial.<\/p>\n<hr data-start=\"1573\" data-end=\"1576\" \/>\n<h2 data-start=\"1578\" data-end=\"1614\">Belleza atemporal en cada detalle.<\/h2>\n<p data-start=\"1616\" data-end=\"1722\">Una pieza sofisticada que combina simbolismo y brillo \u2014  dise\u00f1ada para expresar la conexi\u00f3n en su forma m\u00e1s pura.<\/p>\n<\/div>\n<div><\/div>\n<div><\/div>\n<div><\/div>\n<div><\/div>\n<div><\/div>\n<div>\n<div>\n<div style=\"width: 790px;\"><img decoding=\"async\" style=\"display: block; width: 600px; height: 600px;\" src=\"\/\/ae01.alicdn.com\/kf\/S948cad1a7bf94463971e73df9ddf96337.jpg?width=1000&amp;height=1000&amp;hash=2000\" usemap=\"#_sdmap_0\" width=\"100%\" height=\"auto\" \/><\/div>\n<div style=\"width: 790px;\"><\/div>\n<div style=\"width: 790px;\"><\/div>\n<\/div>\n<\/div>\n<div style=\"width: 790px;\"><\/div>\n<div><\/div>\n<div><\/div>\n<div>\n<div>\n<div style=\"width: 790px;\"><\/div>\n<div style=\"width: 790px;\"><img decoding=\"async\" style=\"display: block; width: 600px; height: 600px;\" src=\"\/\/ae01.alicdn.com\/kf\/S6e9653ddfe124e7bbd1b213dbb0b9cb7b.jpg?width=1000&amp;height=1000&amp;hash=2000\" usemap=\"#_sdmap_1\" width=\"100%\" height=\"auto\" \/><\/div>\n<div style=\"width: 790px;\"><\/div>\n<div style=\"width: 790px;\"><\/div>\n<\/div>\n<\/div>\n<div style=\"width: 790px;\"><\/div>\n<div><\/div>\n<div><\/div>\n<div>\n<div>\n<div style=\"width: 790px;\"><\/div>\n<div style=\"width: 790px;\"><img decoding=\"async\" style=\"display: block; width: 600px; height: 600px;\" src=\"\/\/ae01.alicdn.com\/kf\/S6492f473917f4387ac2ba779d0faa35cM.jpg?width=790&amp;height=1000&amp;hash=1790\" usemap=\"#_sdmap_2\" width=\"100%\" height=\"auto\" \/><\/div>\n<div style=\"width: 790px;\"><\/div>\n<\/div>\n<\/div>\n<div style=\"width: 790px;\"><\/div>\n<div><\/div>\n<div><\/div>\n<div>\n<div>\n<div style=\"width: 790px;\"><\/div>\n<div style=\"width: 790px;\"><\/div>\n<div style=\"width: 790px;\"><img decoding=\"async\" style=\"display: block; width: 600px; height: 600px;\" src=\"\/\/ae01.alicdn.com\/kf\/S9a1ec588b2cb469785f079a76005f0c2S.jpg?width=800&amp;height=800&amp;hash=1600\" usemap=\"#_sdmap_3\" width=\"100%\" height=\"auto\" \/><\/div>\n<div style=\"width: 790px;\"><\/div>\n<\/div>\n<\/div>\n<div style=\"width: 790px;\"><\/div>\n<div><\/div>\n<div><\/div>\n<div>\n<div>\n<div style=\"width: 790px;\"><\/div>\n<div style=\"width: 790px;\"><\/div>\n<\/div>\n<\/div>\n<p>&nbsp;<\/p>","protected":false},"excerpt":{"rendered":"<p>Interlocking Rings Pendant Necklace A symbol of unity, eternity, and refined elegance This elegant necklace features two beautifully intertwined rings, representing connection, balance, and everlasting bonds. One ring is crafted in a slimmer design engraved with delicate Roman numerals, symbolizing timelessness and enduring meaning. The second ring is slightly wider with a polished, radiant finish [&hellip;]<\/p>\n","protected":false},"featured_media":1992,"template":"","meta":{"jetpack_post_was_ever_published":false},"product_brand":[],"product_cat":[43,169],"product_tag":[],"class_list":{"0":"post-1988","1":"product","2":"type-product","3":"status-publish","4":"has-post-thumbnail","6":"product_cat-pendants","7":"product_cat-women-pendants","9":"first","10":"instock","11":"taxable","12":"shipping-taxable","13":"purchasable","14":"product-type-variable"},"jetpack_sharing_enabled":true,"_links":{"self":[{"href":"https:\/\/aloashop.com\/es\/wp-json\/wp\/v2\/product\/1988","targetHints":{"allow":["GET"]}}],"collection":[{"href":"https:\/\/aloashop.com\/es\/wp-json\/wp\/v2\/product"}],"about":[{"href":"https:\/\/aloashop.com\/es\/wp-json\/wp\/v2\/types\/product"}],"wp:featuredmedia":[{"embeddable":true,"href":"https:\/\/aloashop.com\/es\/wp-json\/wp\/v2\/media\/1992"}],"wp:attachment":[{"href":"https:\/\/aloashop.com\/es\/wp-json\/wp\/v2\/media?parent=1988"}],"wp:term":[{"taxonomy":"product_brand","embeddable":true,"href":"https:\/\/aloashop.com\/es\/wp-json\/wp\/v2\/product_brand?post=1988"},{"taxonomy":"product_cat","embeddable":true,"href":"https:\/\/aloashop.com\/es\/wp-json\/wp\/v2\/product_cat?post=1988"},{"taxonomy":"product_tag","embeddable":true,"href":"https:\/\/aloashop.com\/es\/wp-json\/wp\/v2\/product_tag?post=1988"}],"curies":[{"name":"wp","href":"https:\/\/api.w.org\/{rel}","templated":true}]}}