{"id":1904,"date":"2026-01-26T23:34:58","date_gmt":"2026-01-26T22:34:58","guid":{"rendered":"https:\/\/aloashop.com\/product\/plain-stainless-steel-cross-pendant-with-rope-chain\/"},"modified":"2026-02-11T17:08:00","modified_gmt":"2026-02-11T16:08:00","slug":"plain-stainless-steel-cross-pendant-with-rope-chain","status":"publish","type":"product","link":"https:\/\/aloashop.com\/es\/producto\/plain-stainless-steel-cross-pendant-with-rope-chain\/","title":{"rendered":"Colgante de cruz de acero inoxidable liso con cadena de cuerda"},"content":{"rendered":"<h2 data-start=\"166\" data-end=\"215\">Collar con colgante de cruz de doble cadena para hombre<\/h2>\n<h3 data-start=\"216\" data-end=\"257\">El estilo moderno se combina con el simbolismo atemporal.<\/h3>\n<p data-start=\"259\" data-end=\"517\">Este llamativo collar presenta un dise\u00f1o de doble cadena que combina audacia y sutileza en un solo accesorio. Una cadena luce un patr\u00f3n elegante y llamativo, mientras que la cadena m\u00e1s fina sostiene un elegante colgante de cruz \u2014 s\u00edmbolo de fe, fuerza y \u200b\u200bestilo personal.<\/p>\n<p data-start=\"519\" data-end=\"674\">Dise\u00f1ado para hombres que aprecian las joyas que complementan su look sin sobrecargarlo, este collar agrega car\u00e1cter y sofisticaci\u00f3n a cualquier atuendo.<\/p>\n<hr data-start=\"676\" data-end=\"679\" \/>\n<h2 data-start=\"681\" data-end=\"712\">Dise\u00f1o \u00fanico de doble cadena.<\/h2>\n<p data-start=\"714\" data-end=\"857\">El contraste entre la cadena prominente y la delicada cadena cruzada crea una est\u00e9tica moderna en capas que es a la vez vers\u00e1til y elegante.<\/p>\n<p data-start=\"859\" data-end=\"992\">Disponible en varios estilos y tama\u00f1os de cadena, esta pieza se puede personalizar para combinar con el gusto personal o para crear una declaraci\u00f3n destacada.<\/p>\n<hr data-start=\"994\" data-end=\"997\" \/>\n<h2 data-start=\"999\" data-end=\"1020\">Detalles de producto<\/h2>\n<ul data-start=\"1022\" data-end=\"1301\">\n<li data-start=\"1022\" data-end=\"1061\">\n<p data-start=\"1024\" data-end=\"1061\">Tipo: Collar colgante de doble cadena<\/p>\n<\/li>\n<li data-start=\"1062\" data-end=\"1119\">\n<p data-start=\"1064\" data-end=\"1119\">Dise\u00f1o: Cadena elegante + cadena fina con colgante de cruz.<\/p>\n<\/li>\n<li data-start=\"1120\" data-end=\"1163\">\n<p data-start=\"1122\" data-end=\"1163\">Tama\u00f1os: Varias longitudes de cadena disponibles.<\/p>\n<\/li>\n<li data-start=\"1164\" data-end=\"1201\">\n<p data-start=\"1166\" data-end=\"1201\">Estilos: Variedad de patrones de cadena.<\/p>\n<\/li>\n<li data-start=\"1202\" data-end=\"1241\">\n<p data-start=\"1204\" data-end=\"1241\">Estilo: Moderno, masculino, vers\u00e1til<\/p>\n<\/li>\n<li data-start=\"1242\" data-end=\"1301\">\n<p data-start=\"1244\" data-end=\"1301\">Ideal para: uso diario, capas o regalos significativos.<\/p>\n<\/li>\n<\/ul>\n<hr data-start=\"1303\" data-end=\"1306\" \/>\n<h2 data-start=\"1308\" data-end=\"1354\">Un regalo que habla de fuerza y \u200b\u200bestilo<\/h2>\n<p data-start=\"1356\" data-end=\"1554\">Perfecto para cumplea\u00f1os, celebraciones religiosas o como un regalo especial para alguien que valora la elegancia y la expresi\u00f3n personal. Este collar de doble cadena simboliza confianza y un estilo atemporal.<\/p>\n<hr data-start=\"1556\" data-end=\"1559\" \/>\n<h2 data-start=\"1561\" data-end=\"1608\">Sofisticaci\u00f3n en capas para el hombre moderno<\/h2>\n<p data-start=\"1610\" data-end=\"1726\">Una pieza vers\u00e1til que equilibra un dise\u00f1o audaz con un significado simb\u00f3lico \u2014 hecha para hombres que quieren joyas que los definan.<\/p>\n<p>&nbsp;<\/p>\n<div>\n<div>\n<p><img loading=\"lazy\" decoding=\"async\" src=\"\/\/ae01.alicdn.com\/kf\/S75c79a1cdda34785a2bf1ade4164bda8p.jpg\" width=\"600\" height=\"600\" \/><\/p>\n<p>&nbsp;<\/p>\n<p>&nbsp;<\/p>\n<p><img loading=\"lazy\" decoding=\"async\" src=\"\/\/ae01.alicdn.com\/kf\/S13f429d0e4e54208adc2da4d8a37750ch.jpg\" width=\"600\" height=\"600\" \/><\/p>\n<p>&nbsp;<\/p>\n<p>&nbsp;<\/p>\n<p><img loading=\"lazy\" decoding=\"async\" src=\"\/\/ae01.alicdn.com\/kf\/S896a63b565cf41a7b56aabf217456a51n.jpg\" width=\"600\" height=\"600\" \/><\/p>\n<p>&nbsp;<\/p>\n<p>&nbsp;<\/p>\n<p><img loading=\"lazy\" decoding=\"async\" src=\"\/\/ae01.alicdn.com\/kf\/Saabb7707b1ae4f7a861190462171f544s.jpg\" width=\"600\" height=\"600\" \/><\/p>\n<p>&nbsp;<\/p>\n<p>&nbsp;<\/p>\n<p><img loading=\"lazy\" decoding=\"async\" src=\"\/\/ae01.alicdn.com\/kf\/Sf6336db42cbe41ce94b60102f8452913C.jpg\" width=\"600\" height=\"600\" \/><\/p>\n<p>&nbsp;<\/p>\n<p>&nbsp;<\/p>\n<p>&nbsp;<\/p>\n<\/div>\n<\/div>\n<p>&nbsp;<\/p>","protected":false},"excerpt":{"rendered":"<p>Men&#8217;s Double Chain Cross Pendant Necklace Modern style meets timeless symbolism This striking necklace features a double-chain design, combining boldness and subtlety in one accessory. One chain showcases a stylish, eye-catching pattern, while the finer chain holds a sleek cross pendant \u2014 a symbol of faith, strength, and personal style. Designed for men who appreciate [&hellip;]<\/p>\n","protected":false},"featured_media":1946,"template":"","meta":{"jetpack_post_was_ever_published":false},"product_brand":[],"product_cat":[168,43],"product_tag":[],"class_list":{"0":"post-1904","1":"product","2":"type-product","3":"status-publish","4":"has-post-thumbnail","6":"product_cat-men-pendants","7":"product_cat-pendants","9":"first","10":"instock","11":"taxable","12":"shipping-taxable","13":"purchasable","14":"product-type-variable"},"jetpack_sharing_enabled":true,"_links":{"self":[{"href":"https:\/\/aloashop.com\/es\/wp-json\/wp\/v2\/product\/1904","targetHints":{"allow":["GET"]}}],"collection":[{"href":"https:\/\/aloashop.com\/es\/wp-json\/wp\/v2\/product"}],"about":[{"href":"https:\/\/aloashop.com\/es\/wp-json\/wp\/v2\/types\/product"}],"wp:featuredmedia":[{"embeddable":true,"href":"https:\/\/aloashop.com\/es\/wp-json\/wp\/v2\/media\/1946"}],"wp:attachment":[{"href":"https:\/\/aloashop.com\/es\/wp-json\/wp\/v2\/media?parent=1904"}],"wp:term":[{"taxonomy":"product_brand","embeddable":true,"href":"https:\/\/aloashop.com\/es\/wp-json\/wp\/v2\/product_brand?post=1904"},{"taxonomy":"product_cat","embeddable":true,"href":"https:\/\/aloashop.com\/es\/wp-json\/wp\/v2\/product_cat?post=1904"},{"taxonomy":"product_tag","embeddable":true,"href":"https:\/\/aloashop.com\/es\/wp-json\/wp\/v2\/product_tag?post=1904"}],"curies":[{"name":"wp","href":"https:\/\/api.w.org\/{rel}","templated":true}]}}