{"id":1779,"date":"2026-01-24T18:16:49","date_gmt":"2026-01-24T17:16:49","guid":{"rendered":"https:\/\/aloashop.com\/product\/chain-bracelets-made-of-stainless-steel-with-cuban-links\/"},"modified":"2026-02-11T17:13:08","modified_gmt":"2026-02-11T16:13:08","slug":"chain-bracelets-made-of-stainless-steel-with-cuban-links","status":"publish","type":"product","link":"https:\/\/aloashop.com\/es\/producto\/chain-bracelets-made-of-stainless-steel-with-cuban-links\/","title":{"rendered":"Pulseras de cadena acero inoxidable con eslabones cubanos"},"content":{"rendered":"<h2 data-start=\"160\" data-end=\"200\">Pulsera de eslabones cubanos dobles<\/h2>\n<h3 data-start=\"201\" data-end=\"232\">Estilo atrevido, dise\u00f1o atemporal<\/h3>\n<p data-start=\"234\" data-end=\"452\">Realza tu estilo con esta llamativa pulsera de eslabones cubanos de doble cadena. Dise\u00f1ada para hombres que valoran el estilo audaz y la artesan\u00eda de calidad, esta pieza destaca tanto si se usa sola como con otros accesorios.<\/p>\n<p data-start=\"454\" data-end=\"581\">Sus eslabones cubanos entrelazados aportan fuerza, textura y una est\u00e9tica masculina, perfecta para el uso diario o para ocasiones especiales.<\/p>\n<hr data-start=\"583\" data-end=\"586\" \/>\n<h2 data-start=\"588\" data-end=\"631\">Dise\u00f1o vers\u00e1til con m\u00faltiples opciones<\/h2>\n<p data-start=\"633\" data-end=\"749\">Con una construcci\u00f3n de cadena doble, esta pulsera combina dos estilos complementarios para una apariencia moderna y en capas.<\/p>\n<p data-start=\"751\" data-end=\"919\">Disponible en <strong data-start=\"764\" data-end=\"800\">acabados en plata, oro y negro<\/strong>, adem\u00e1s de los diferentes tama\u00f1os y estilos de pulsera, es f\u00e1cil personalizarlo seg\u00fan tu estilo personal o como un regalo destacado.<\/p>\n<hr data-start=\"921\" data-end=\"924\" \/>\n<h2 data-start=\"926\" data-end=\"947\">Detalles de producto<\/h2>\n<ul data-start=\"949\" data-end=\"1179\">\n<li data-start=\"949\" data-end=\"980\">\n<p data-start=\"951\" data-end=\"980\">Tipo: Pulsera de doble cadena<\/p>\n<\/li>\n<li data-start=\"981\" data-end=\"1010\">\n<p data-start=\"983\" data-end=\"1010\">Dise\u00f1o: Cadenas de eslabones cubanos<\/p>\n<\/li>\n<li data-start=\"1011\" data-end=\"1054\">\n<p data-start=\"1013\" data-end=\"1054\">Colores disponibles: Oro \/ Plata \/ Negro<\/p>\n<\/li>\n<li data-start=\"1055\" data-end=\"1090\">\n<p data-start=\"1057\" data-end=\"1090\">Tama\u00f1os: Varios tama\u00f1os disponibles<\/p>\n<\/li>\n<li data-start=\"1091\" data-end=\"1128\">\n<p data-start=\"1093\" data-end=\"1128\">Tama\u00f1os: Varios tama\u00f1os disponibles.<\/p>\n<\/li>\n<li data-start=\"1129\" data-end=\"1179\">\n<p data-start=\"1131\" data-end=\"1179\">Ideal para: uso diario, capas o para regalar<\/p>\n<\/li>\n<\/ul>\n<hr data-start=\"1181\" data-end=\"1184\" \/>\n<h2 data-start=\"1186\" data-end=\"1216\">El regalo perfecto para \u00e9l<\/h2>\n<p data-start=\"1218\" data-end=\"1377\">Ya sea para cumplea\u00f1os, aniversarios o simplemente porque s\u00ed, esta pulsera simboliza fuerza, estilo y atenci\u00f3n al detalle: un regalo que cualquier hombre apreciar\u00e1.<\/p>\n<hr data-start=\"1379\" data-end=\"1382\" \/>\n<h2 data-start=\"1384\" data-end=\"1424\">Estilo urbano atemporal en cada enlace<\/h2>\n<p data-start=\"1426\" data-end=\"1539\">Una pieza dise\u00f1ada para combinar atrevimiento y elegancia, perfecta para hombres que buscan accesorios que definan su look.<\/p>\n<p>&nbsp;<\/p>\n<p style=\"text-align: center;\"><video style=\"max-width: 100%;\" src=\"\/\/video.aliexpress-media.com\/play\/u\/ae_sg_item\/222215708\/p\/1\/e\/6\/t\/10301\/5000361812772.mp4\" poster=\"https:\/\/ae01.alicdn.com\/kf\/Se264a897323b4017ae3aa4364860caeb9.jpg\" preload=\"auto\" controls=\"controls\" width=\"100%\" height=\"100%\"><\/video><\/p>\n<div>\n<div>\n<div><\/div>\n<div><\/div>\n<p style=\"margin: 5px 0px 5px 0px;\"><img loading=\"lazy\" decoding=\"async\" src=\"\/\/ae01.alicdn.com\/kf\/S06ee505dd0e045caa625782590c7d89ao.jpg\" width=\"600\" height=\"600\" \/><\/p>\n<p>&nbsp;<\/p>\n<p style=\"margin: 5px 0px 5px 0px;\"><img loading=\"lazy\" decoding=\"async\" src=\"\/\/ae01.alicdn.com\/kf\/S8a02771cf1924de1a63915d3e58d9379H.jpg\" width=\"600\" height=\"600\" \/><\/p>\n<p>&nbsp;<\/p>\n<p style=\"margin: 5px 0px 5px 0px;\"><img loading=\"lazy\" decoding=\"async\" src=\"\/\/ae01.alicdn.com\/kf\/S5d827f9e0c1e4cdfa5496409aae61a58I.jpg\" width=\"600\" height=\"600\" \/><\/p>\n<p>&nbsp;<\/p>\n<p style=\"margin: 5px 0px 5px 0px;\"><img loading=\"lazy\" decoding=\"async\" src=\"\/\/ae01.alicdn.com\/kf\/S4cbd74cc26734deaaba856e3c0e6ad0e3.jpg\" width=\"600\" height=\"600\" \/><\/p>\n<div><\/div>\n<div><\/div>\n<p style=\"margin: 5px 0px 5px 0px;\"><img loading=\"lazy\" decoding=\"async\" src=\"\/\/ae01.alicdn.com\/kf\/S0a20ecdcd8db4e75ac726046cc73d0e9X.jpg\" width=\"600\" height=\"600\" \/><\/p>\n<p>&nbsp;<\/p>\n<p style=\"margin: 5px 0px 5px 0px;\"><img loading=\"lazy\" decoding=\"async\" src=\"\/\/ae01.alicdn.com\/kf\/Sd7c3b7496d7147d88dac2e539a99b66bM.jpg\" width=\"600\" height=\"600\" \/><\/p>\n<p>&nbsp;<\/p>\n<p style=\"margin: 5px 0px 5px 0px;\"><img loading=\"lazy\" decoding=\"async\" src=\"\/\/ae01.alicdn.com\/kf\/S959dda1c7b7d44c5ad8eb1c36ebc3840V.jpg\" width=\"600\" height=\"600\" \/><\/p>\n<p>&nbsp;<\/p>\n<p style=\"margin: 5px 0px 5px 0px;\"><img loading=\"lazy\" decoding=\"async\" src=\"\/\/ae01.alicdn.com\/kf\/Sfb78d113976e45bdbcbe71ea1d566134e.jpg\" width=\"600\" height=\"600\" \/><\/p>\n<p>&nbsp;<\/p>\n<p style=\"margin: 5px 0px 5px 0px;\"><img loading=\"lazy\" decoding=\"async\" src=\"\/\/ae01.alicdn.com\/kf\/S25739b2f036348a2953d07e5b1127176V.jpg\" width=\"600\" height=\"600\" \/><\/p>\n<p>&nbsp;<\/p>\n<p style=\"margin: 5px 0px 5px 0px;\"><img loading=\"lazy\" decoding=\"async\" src=\"\/\/ae01.alicdn.com\/kf\/S9cb836d35c8a4262ba4d84badcba76090.jpg\" width=\"600\" height=\"600\" \/><\/p>\n<p>&nbsp;<\/p>\n<p style=\"margin: 5px 0px 5px 0px;\"><img loading=\"lazy\" decoding=\"async\" src=\"\/\/ae01.alicdn.com\/kf\/Se92b287aae75483c848d8f5cc985235e4.jpg\" width=\"600\" height=\"600\" \/><\/p>\n<div><\/div>\n<\/div>\n<\/div>\n<p>&nbsp;<\/p>","protected":false},"excerpt":{"rendered":"<p>Men&#8217;s Double Cuban Link Bracelet Bold style, timeless design Elevate your look with this striking double-chain Cuban link bracelet. Designed for men who value bold style and quality craftsmanship, this piece makes a statement whether worn alone or layered with other accessories. Its interlocking Cuban links provide strength, texture, and a masculine aesthetic, perfect for [&hellip;]<\/p>\n","protected":false},"featured_media":1825,"template":"","meta":{"jetpack_post_was_ever_published":false},"product_brand":[],"product_cat":[44,166,167],"product_tag":[],"class_list":{"0":"post-1779","1":"product","2":"type-product","3":"status-publish","4":"has-post-thumbnail","6":"product_cat-bracelets","7":"product_cat-men","8":"product_cat-women","10":"first","11":"instock","12":"taxable","13":"shipping-taxable","14":"purchasable","15":"product-type-variable"},"jetpack_sharing_enabled":true,"_links":{"self":[{"href":"https:\/\/aloashop.com\/es\/wp-json\/wp\/v2\/product\/1779","targetHints":{"allow":["GET"]}}],"collection":[{"href":"https:\/\/aloashop.com\/es\/wp-json\/wp\/v2\/product"}],"about":[{"href":"https:\/\/aloashop.com\/es\/wp-json\/wp\/v2\/types\/product"}],"wp:featuredmedia":[{"embeddable":true,"href":"https:\/\/aloashop.com\/es\/wp-json\/wp\/v2\/media\/1825"}],"wp:attachment":[{"href":"https:\/\/aloashop.com\/es\/wp-json\/wp\/v2\/media?parent=1779"}],"wp:term":[{"taxonomy":"product_brand","embeddable":true,"href":"https:\/\/aloashop.com\/es\/wp-json\/wp\/v2\/product_brand?post=1779"},{"taxonomy":"product_cat","embeddable":true,"href":"https:\/\/aloashop.com\/es\/wp-json\/wp\/v2\/product_cat?post=1779"},{"taxonomy":"product_tag","embeddable":true,"href":"https:\/\/aloashop.com\/es\/wp-json\/wp\/v2\/product_tag?post=1779"}],"curies":[{"name":"wp","href":"https:\/\/api.w.org\/{rel}","templated":true}]}}