{"id":1594,"date":"2026-01-24T16:44:44","date_gmt":"2026-01-24T15:44:44","guid":{"rendered":"https:\/\/aloashop.com\/product\/black-brushed-stainless-steel-couple-ring\/"},"modified":"2026-02-11T17:46:15","modified_gmt":"2026-02-11T16:46:15","slug":"black-brushed-stainless-steel-couple-ring","status":"publish","type":"product","link":"https:\/\/aloashop.com\/es\/producto\/black-brushed-stainless-steel-couple-ring\/","title":{"rendered":"Anillo de acero inoxidable minimalista"},"content":{"rendered":"<h2 data-start=\"208\" data-end=\"235\">Anillo unisex elegante<\/h2>\n<h3 data-start=\"236\" data-end=\"273\">Estilo moderno con atractivo atemporal<\/h3>\n<p data-start=\"275\" data-end=\"506\">Dise\u00f1ado para adaptarse a todos los estilos, este elegante anillo unisex combina simplicidad y sofisticaci\u00f3n en una pieza refinada. Su dise\u00f1o limpio y equilibrado lo hace perfecto tanto para hombres como para mujeres que aprecian la joyer\u00eda minimalista pero distintiva.<\/p>\n<p data-start=\"508\" data-end=\"606\">Un accesorio vers\u00e1til que complementa sin esfuerzo atuendos casuales, ropa formal o looks en capas.<\/p>\n<hr data-start=\"608\" data-end=\"611\" \/>\n<h2 data-start=\"613\" data-end=\"648\">Dise\u00f1o elegante, atractivo universal<\/h2>\n<p data-start=\"650\" data-end=\"881\">Con su acabado suave y silueta contempor\u00e1nea, este anillo ofrece una est\u00e9tica moderna a la vez que conserva una elegancia atemporal. Ya sea como pieza destacada o combinado con otros anillos, se adapta con naturalidad a cualquier estilo personal.<\/p>\n<p data-start=\"883\" data-end=\"1002\">Disponible en <strong data-start=\"896\" data-end=\"932\">acabados en plata, oro y negro<\/strong>, permiti\u00e9ndote elegir el tono que mejor refleje tu personalidad.<\/p>\n<hr data-start=\"1004\" data-end=\"1007\" \/>\n<h2 data-start=\"1009\" data-end=\"1030\">Detalles de producto<\/h2>\n<ul data-start=\"1032\" data-end=\"1264\">\n<li data-start=\"1032\" data-end=\"1053\">\n<p data-start=\"1034\" data-end=\"1053\">Tipo: Anillo unisex<\/p>\n<\/li>\n<li data-start=\"1054\" data-end=\"1084\">\n<p data-start=\"1056\" data-end=\"1084\">Dise\u00f1o: Elegante y moderno<\/p>\n<\/li>\n<li data-start=\"1085\" data-end=\"1130\">\n<p data-start=\"1087\" data-end=\"1130\">Acabados disponibles: Plata \/ Oro \/ Negro<\/p>\n<\/li>\n<li data-start=\"1131\" data-end=\"1166\">\n<p data-start=\"1133\" data-end=\"1166\">Tama\u00f1os: Varios tama\u00f1os disponibles<\/p>\n<\/li>\n<li data-start=\"1167\" data-end=\"1213\">\n<p data-start=\"1169\" data-end=\"1213\">Estilo: Minimalista, vers\u00e1til, contempor\u00e1neo<\/p>\n<\/li>\n<li data-start=\"1214\" data-end=\"1264\">\n<p data-start=\"1216\" data-end=\"1264\">Ideal para: uso diario, apilar o regalar<\/p>\n<\/li>\n<\/ul>\n<hr data-start=\"1266\" data-end=\"1269\" \/>\n<h2 data-start=\"1271\" data-end=\"1302\">Un regalo perfecto para cualquiera<\/h2>\n<p data-start=\"1304\" data-end=\"1518\">Gracias a su dise\u00f1o universal y a su variedad de tama\u00f1os, este anillo es una excelente opci\u00f3n de regalo para cumplea\u00f1os, aniversarios o fechas importantes. Una pieza que representa la individualidad, el equilibrio y un estilo natural.<\/p>\n<hr data-start=\"1520\" data-end=\"1523\" \/>\n<h2 data-start=\"1525\" data-end=\"1551\">Estilo sin l\u00edmites<\/h2>\n<p data-start=\"1553\" data-end=\"1671\">Agregue un elemento esencial moderno a su colecci\u00f3n de joyas \u2014 un anillo dise\u00f1ado para todos, hecho para destacarse por su simplicidad.<\/p>\n<p>&nbsp;<\/p>\n<p>&nbsp;<\/p>\n<p>&nbsp;<\/p>\n<div>\n<div>\n<div><img decoding=\"async\" style=\"width: 600px; height: 600px;\" src=\"\/\/ae01.alicdn.com\/kf\/S85319da880f94e61b7f80f5144168b5aI.jpg?width=1000&amp;height=1000&amp;hash=2000\" width=\"1000px\" height=\"1000px\" \/><\/div>\n<div><\/div>\n<div><\/div>\n<div><\/div>\n<\/div>\n<\/div>\n<div><\/div>\n<div><\/div>\n<div><\/div>\n<div>\n<div>\n<div><img decoding=\"async\" style=\"width: 600px; height: 600px;\" src=\"\/\/ae01.alicdn.com\/kf\/S964e90fd980f40af9682d458266c37a6y.jpg?width=1000&amp;height=1000&amp;hash=2000\" width=\"1000px\" height=\"1000px\" \/><\/div>\n<\/div>\n<\/div>\n<div><\/div>\n<div><\/div>\n<div>\n<div>\n<div><\/div>\n<div><\/div>\n<div><\/div>\n<div><\/div>\n<div><img decoding=\"async\" style=\"width: 600px; height: 600px;\" src=\"\/\/ae01.alicdn.com\/kf\/S80f6c96b89814fbab359036cf1bfc6f7u.jpg?width=1000&amp;height=1000&amp;hash=2000\" width=\"1000px\" height=\"1000px\" \/><\/div>\n<\/div>\n<\/div>\n<div><\/div>\n<div><\/div>\n<div>\n<div>\n<div><\/div>\n<div><\/div>\n<div><\/div>\n<div><\/div>\n<div><img decoding=\"async\" style=\"width: 600px; height: 600px;\" src=\"\/\/ae01.alicdn.com\/kf\/Seb988bb037e1427f95e88e97b4241a8aO.jpg?width=1000&amp;height=1000&amp;hash=2000\" width=\"1000px\" height=\"1000px\" \/><\/div>\n<\/div>\n<\/div>\n<div><\/div>\n<div><\/div>\n<div>\n<div>\n<div><\/div>\n<div><\/div>\n<div><\/div>\n<div><\/div>\n<div><img decoding=\"async\" style=\"width: 600px; height: 600px;\" src=\"\/\/ae01.alicdn.com\/kf\/Sb62efb2c49e64c8981ee5ef393038ea18.jpg?width=1000&amp;height=1000&amp;hash=2000\" width=\"1000px\" height=\"1000px\" \/><\/div>\n<\/div>\n<\/div>\n<div><\/div>\n<div><\/div>\n<div>\n<div>\n<div><\/div>\n<div><\/div>\n<div><\/div>\n<div><\/div>\n<div><img decoding=\"async\" style=\"width: 600px; height: 600px;\" src=\"\/\/ae01.alicdn.com\/kf\/S39751bfd7efd4db0bdd0e26d393556c95.jpg?width=1000&amp;height=1000&amp;hash=2000\" width=\"1000px\" height=\"1000px\" \/><\/div>\n<\/div>\n<\/div>\n<div><\/div>\n<div><\/div>\n<div>\n<div>\n<div>\n<p style=\"font-weight: bold;\">\n<\/div>\n<p>&nbsp;<\/p>\n<\/div>\n<\/div>","protected":false},"excerpt":{"rendered":"<p>Elegant Unisex Ring Modern style with timeless appeal Designed to suit every style, this elegant unisex ring blends simplicity and sophistication in one refined piece. Its clean and balanced design makes it perfect for both men and women who appreciate minimal yet distinctive jewelry. A versatile accessory that complements casual outfits, formal wear, or layered [&hellip;]<\/p>\n","protected":false},"featured_media":1643,"template":"","meta":{"jetpack_post_was_ever_published":false},"product_brand":[],"product_cat":[170,45,171],"product_tag":[],"class_list":{"0":"post-1594","1":"product","2":"type-product","3":"status-publish","4":"has-post-thumbnail","6":"product_cat-men-rings","7":"product_cat-rings","8":"product_cat-women-rings","10":"first","11":"instock","12":"taxable","13":"shipping-taxable","14":"purchasable","15":"product-type-variable"},"jetpack_sharing_enabled":true,"_links":{"self":[{"href":"https:\/\/aloashop.com\/es\/wp-json\/wp\/v2\/product\/1594","targetHints":{"allow":["GET"]}}],"collection":[{"href":"https:\/\/aloashop.com\/es\/wp-json\/wp\/v2\/product"}],"about":[{"href":"https:\/\/aloashop.com\/es\/wp-json\/wp\/v2\/types\/product"}],"wp:featuredmedia":[{"embeddable":true,"href":"https:\/\/aloashop.com\/es\/wp-json\/wp\/v2\/media\/1643"}],"wp:attachment":[{"href":"https:\/\/aloashop.com\/es\/wp-json\/wp\/v2\/media?parent=1594"}],"wp:term":[{"taxonomy":"product_brand","embeddable":true,"href":"https:\/\/aloashop.com\/es\/wp-json\/wp\/v2\/product_brand?post=1594"},{"taxonomy":"product_cat","embeddable":true,"href":"https:\/\/aloashop.com\/es\/wp-json\/wp\/v2\/product_cat?post=1594"},{"taxonomy":"product_tag","embeddable":true,"href":"https:\/\/aloashop.com\/es\/wp-json\/wp\/v2\/product_tag?post=1594"}],"curies":[{"name":"wp","href":"https:\/\/api.w.org\/{rel}","templated":true}]}}