{"id":1536,"date":"2026-01-23T14:33:40","date_gmt":"2026-01-23T13:33:40","guid":{"rendered":"https:\/\/aloashop.com\/product\/leather-and-braided-leather-bracelets-with-stainless-steel\/"},"modified":"2026-02-11T17:58:16","modified_gmt":"2026-02-11T16:58:16","slug":"leather-and-braided-leather-bracelets-with-stainless-steel","status":"publish","type":"product","link":"https:\/\/aloashop.com\/es\/producto\/leather-and-braided-leather-bracelets-with-stainless-steel\/","title":{"rendered":"Pulseras de cuero y cuero trenzado con acero inoxidable"},"content":{"rendered":"<div>\n<h2 data-start=\"200\" data-end=\"245\">Juego de pulseras de cuero para hombre<\/h2>\n<h3 data-start=\"246\" data-end=\"283\">Triple estilo. Una declaraci\u00f3n audaz.<\/h3>\n<p data-start=\"285\" data-end=\"514\">Mejora tu colecci\u00f3n de accesorios con este juego de tres pulseras de cuero, cada una con un dise\u00f1o distintivo y detalles de remaches met\u00e1licos. Creado para hombres que aprecian la variedad y la modernidad, este tr\u00edo ofrece versatilidad con personalidad.<\/p>\n<p data-start=\"516\" data-end=\"602\">\u00dasalos individualmente para lograr un look limpio o comb\u00ednalos para lograr un estilo en capas poderoso.<\/p>\n<hr data-start=\"604\" data-end=\"607\" \/>\n<h2 data-start=\"609\" data-end=\"650\">Tres dise\u00f1os \u00fanicos, m\u00e1ximo impacto<\/h2>\n<p data-start=\"652\" data-end=\"880\">Cada pulsera del conjunto presenta una textura y estructura diferentes, desde correas de cuero liso hasta acabados detallados con detalles met\u00e1licos. Los remaches aportan un toque contempor\u00e1neo y masculino que realza la est\u00e9tica urbana general.<\/p>\n<p data-start=\"882\" data-end=\"1013\">Disponible en m\u00faltiples opciones de colores, este conjunto te permite combinar tus pulseras con diferentes atuendos y ocasiones sin esfuerzo.<\/p>\n<hr data-start=\"1015\" data-end=\"1018\" \/>\n<h2 data-start=\"1020\" data-end=\"1041\">Detalles de producto<\/h2>\n<ul data-start=\"1043\" data-end=\"1321\">\n<li data-start=\"1043\" data-end=\"1084\">\n<p data-start=\"1045\" data-end=\"1084\">Tipo: Juego de pulseras de cuero<\/p>\n<\/li>\n<li data-start=\"1085\" data-end=\"1119\">\n<p data-start=\"1087\" data-end=\"1119\">Material: Cuero de alta calidad<\/p>\n<\/li>\n<li data-start=\"1120\" data-end=\"1167\">\n<p data-start=\"1122\" data-end=\"1167\">Detalles: Diferentes estilos con remaches met\u00e1licos<\/p>\n<\/li>\n<li data-start=\"1168\" data-end=\"1212\">\n<p data-start=\"1170\" data-end=\"1212\">Colores: M\u00faltiples opciones de colores disponibles<\/p>\n<\/li>\n<li data-start=\"1213\" data-end=\"1228\">\n<p data-start=\"1215\" data-end=\"1228\">Talla: 21 cm<\/p>\n<\/li>\n<li data-start=\"1229\" data-end=\"1267\">\n<p data-start=\"1231\" data-end=\"1267\">Estilo: Urbano, masculino, vers\u00e1til<\/p>\n<\/li>\n<li data-start=\"1268\" data-end=\"1321\">\n<p data-start=\"1270\" data-end=\"1321\">Ideal para: uso diario, conjuntos casuales o para regalar<\/p>\n<\/li>\n<\/ul>\n<hr data-start=\"1323\" data-end=\"1326\" \/>\n<h2 data-start=\"1328\" data-end=\"1366\">Una opci\u00f3n de regalo atrevida y pr\u00e1ctica<\/h2>\n<p data-start=\"1368\" data-end=\"1544\">Perfecto para cumplea\u00f1os, aniversarios o como una sorpresa con estilo. Con tres dise\u00f1os coordinados pero distintivos, este set ofrece flexibilidad, personalidad y un gran atractivo visual.<\/p>\n<hr data-start=\"1546\" data-end=\"1549\" \/>\n<h2 data-start=\"1551\" data-end=\"1591\">Confianza en capas en cada detalle<\/h2>\n<p data-start=\"1593\" data-end=\"1656\">Tres pulseras. M\u00faltiples combinaciones. Un estilo inconfundible.<\/p>\n<p data-start=\"1593\" data-end=\"1656\">\n<p data-start=\"1593\" data-end=\"1656\">\n<\/div>\n<div>\n<div>\n<div><\/div>\n<div>\n<div>\n<div><\/div>\n<div>\n<div>\n<div><\/div>\n<div>\n<div>\n<div><\/div>\n<div>\n<div>\n<div><\/div>\n<div>\n<div>\n<div><\/div>\n<div>\n<div>\n<p><img loading=\"lazy\" decoding=\"async\" src=\"\/\/ae01.alicdn.com\/kf\/Saf3d15409bc946b7906ff831282a6a316.jpg\" width=\"600\" height=\"600\" \/><\/p>\n<p>&nbsp;<\/p>\n<p>&nbsp;<\/p>\n<p><img loading=\"lazy\" decoding=\"async\" src=\"\/\/ae01.alicdn.com\/kf\/S5721d109be3140dc9385abd189d9cf85V.jpg\" width=\"600\" height=\"600\" \/><\/p>\n<p>&nbsp;<\/p>\n<p>&nbsp;<\/p>\n<p><img loading=\"lazy\" decoding=\"async\" src=\"\/\/ae01.alicdn.com\/kf\/S8fa195a9ce7c441c994a15d7bced0e8bY.jpg\" width=\"600\" height=\"600\" \/><\/p>\n<p>&nbsp;<\/p>\n<p>&nbsp;<\/p>\n<p><img loading=\"lazy\" decoding=\"async\" src=\"\/\/ae01.alicdn.com\/kf\/Sf0c699230c5c4cce9b9f706ebef7881ag.jpg\" width=\"600\" height=\"600\" \/><\/p>\n<p>&nbsp;<\/p>\n<p>&nbsp;<\/p>\n<p><img loading=\"lazy\" decoding=\"async\" src=\"\/\/ae01.alicdn.com\/kf\/Sfbef563996dc4a379747d6f1b5d7661d7.jpg\" width=\"600\" height=\"600\" \/><\/p>\n<p>&nbsp;<\/p>\n<p>&nbsp;<\/p>\n<p><img loading=\"lazy\" decoding=\"async\" src=\"\/\/ae01.alicdn.com\/kf\/Sdb8a911ccd0c4c428d30333584a3f402H.jpg\" width=\"600\" height=\"600\" \/><span style=\"font-size: 20px; font-family: arial, helvetica, sans-serif;\">.<\/span><\/p>\n<p>&nbsp;<\/p>\n<p align=\"start\">\n<\/div>\n<\/div>\n<\/div>\n<\/div>\n<\/div>\n<\/div>\n<\/div>\n<\/div>\n<\/div>\n<\/div>\n<\/div>\n<\/div>\n<\/div>\n<\/div>","protected":false},"excerpt":{"rendered":"<p>Men&#8217;s Leather Bracelet Set (3 Pieces) Triple style. One bold statement. Upgrade your accessory game with this set of three leather bracelets, each featuring a distinct design and metal rivet details. Created for men who appreciate variety and modern edge, this trio delivers versatility with attitude. Wear them individually for a clean look or combine [&hellip;]<\/p>\n","protected":false},"featured_media":1551,"template":"","meta":{"jetpack_post_was_ever_published":false},"product_brand":[],"product_cat":[44,166],"product_tag":[],"class_list":{"0":"post-1536","1":"product","2":"type-product","3":"status-publish","4":"has-post-thumbnail","6":"product_cat-bracelets","7":"product_cat-men","9":"first","10":"instock","11":"taxable","12":"shipping-taxable","13":"purchasable","14":"product-type-variable"},"jetpack_sharing_enabled":true,"_links":{"self":[{"href":"https:\/\/aloashop.com\/es\/wp-json\/wp\/v2\/product\/1536","targetHints":{"allow":["GET"]}}],"collection":[{"href":"https:\/\/aloashop.com\/es\/wp-json\/wp\/v2\/product"}],"about":[{"href":"https:\/\/aloashop.com\/es\/wp-json\/wp\/v2\/types\/product"}],"wp:featuredmedia":[{"embeddable":true,"href":"https:\/\/aloashop.com\/es\/wp-json\/wp\/v2\/media\/1551"}],"wp:attachment":[{"href":"https:\/\/aloashop.com\/es\/wp-json\/wp\/v2\/media?parent=1536"}],"wp:term":[{"taxonomy":"product_brand","embeddable":true,"href":"https:\/\/aloashop.com\/es\/wp-json\/wp\/v2\/product_brand?post=1536"},{"taxonomy":"product_cat","embeddable":true,"href":"https:\/\/aloashop.com\/es\/wp-json\/wp\/v2\/product_cat?post=1536"},{"taxonomy":"product_tag","embeddable":true,"href":"https:\/\/aloashop.com\/es\/wp-json\/wp\/v2\/product_tag?post=1536"}],"curies":[{"name":"wp","href":"https:\/\/api.w.org\/{rel}","templated":true}]}}