{"id":1445,"date":"2026-01-23T14:12:53","date_gmt":"2026-01-23T13:12:53","guid":{"rendered":"https:\/\/aloashop.com\/product\/26-letters-925-sterling-silver-necklace-pendant-zircon\/"},"modified":"2026-02-11T18:02:03","modified_gmt":"2026-02-11T17:02:03","slug":"26-letters-925-sterling-silver-necklace-pendant-zircon","status":"publish","type":"product","link":"https:\/\/aloashop.com\/es\/producto\/26-letters-925-sterling-silver-necklace-pendant-zircon\/","title":{"rendered":"Collar con colgante de letra"},"content":{"rendered":"<h2 data-start=\"230\" data-end=\"275\">Collar con colgante inicial personalizado<\/h2>\n<h3 data-start=\"276\" data-end=\"309\">Lleva tu historia con elegancia<\/h3>\n<p data-start=\"311\" data-end=\"456\">Celebre la individualidad con este hermoso collar colgante inicial, dise\u00f1ado para agregar un toque personal y significativo a su colecci\u00f3n de joyas.<\/p>\n<p data-start=\"458\" data-end=\"598\">Cada colgante presenta una letra finamente elaborada adornada con piedras preciosas brillantes, creando un delicado equilibrio entre elegancia y brillo.<\/p>\n<hr data-start=\"600\" data-end=\"603\" \/>\n<h2 data-start=\"605\" data-end=\"637\">Personal, elegante, atemporal<\/h2>\n<p data-start=\"639\" data-end=\"891\">Disponible en todas <strong data-start=\"656\" data-end=\"686\">26 letras del alfabeto<\/strong>, este collar te permite lucir tu inicial o la de alguien especial. Las piedras preciosas cuidadosamente engastadas realzan la forma de la letra, aportando un brillo refinado sin opacar su elegante dise\u00f1o.<\/p>\n<p data-start=\"893\" data-end=\"989\">Una pieza vers\u00e1til que combina sin esfuerzo con conjuntos de diario y looks para ocasiones especiales.<\/p>\n<hr data-start=\"991\" data-end=\"994\" \/>\n<h2 data-start=\"996\" data-end=\"1017\">Detalles de producto<\/h2>\n<ul data-start=\"1019\" data-end=\"1277\">\n<li data-start=\"1019\" data-end=\"1053\">\n<p data-start=\"1021\" data-end=\"1053\">Tipo: Collar con colgante inicial<\/p>\n<\/li>\n<li data-start=\"1054\" data-end=\"1102\">\n<p data-start=\"1056\" data-end=\"1102\">Dise\u00f1o: Charm de letra con piedras preciosas incrustadas.<\/p>\n<\/li>\n<li data-start=\"1103\" data-end=\"1142\">\n<p data-start=\"1105\" data-end=\"1142\">Letras disponibles: A\u2013Z (26 opciones)<\/p>\n<\/li>\n<li data-start=\"1143\" data-end=\"1171\">\n<p data-start=\"1145\" data-end=\"1171\">Tama\u00f1o: Talla \u00fanica<\/p>\n<\/li>\n<li data-start=\"1172\" data-end=\"1216\">\n<p data-start=\"1174\" data-end=\"1216\">Estilo: Personalizado, elegante, significativo.<\/p>\n<\/li>\n<li data-start=\"1217\" data-end=\"1277\">\n<p data-start=\"1219\" data-end=\"1277\">Ideal para: uso diario, regalos o recuerdos sentimentales.<\/p>\n<\/li>\n<\/ul>\n<hr data-start=\"1279\" data-end=\"1282\" \/>\n<h2 data-start=\"1284\" data-end=\"1319\">El regalo personalizado perfecto<\/h2>\n<p data-start=\"1321\" data-end=\"1542\">Ya sea para cumplea\u00f1os, aniversarios, graduaciones o simplemente como una sorpresa especial, este collar es una forma significativa de demostrar amor y aprecio. Una pieza personalizada que se siente \u00edntima, elegante e inolvidable.<\/p>\n<hr data-start=\"1544\" data-end=\"1547\" \/>\n<h2 data-start=\"1549\" data-end=\"1585\">Una carta que lo significa todo<\/h2>\n<p data-start=\"1587\" data-end=\"1690\">Elige la inicial que cuente tu historia y ll\u00e9vala cerca de tu coraz\u00f3n con sofisticaci\u00f3n atemporal.<\/p>\n<p>&nbsp;<\/p>\n<p><img loading=\"lazy\" decoding=\"async\" src=\"\/\/ae01.alicdn.com\/kf\/Sb59925b740764a82a82041110efbc57dP.jpg\" width=\"600\" height=\"600\" \/><\/p>\n<p>&nbsp;<\/p>\n<p>&nbsp;<\/p>\n<p><img loading=\"lazy\" decoding=\"async\" src=\"\/\/ae01.alicdn.com\/kf\/S8d94fbf0720f4f77af63f6b63b514769P.jpg\" width=\"600\" height=\"600\" \/><\/p>\n<p>&nbsp;<\/p>\n<p>&nbsp;<\/p>\n<p><img loading=\"lazy\" decoding=\"async\" src=\"\/\/ae01.alicdn.com\/kf\/Sf98de3db12ea47d688ae7a4471b2f151i.jpg\" width=\"600\" height=\"600\" \/><\/p>\n<p>&nbsp;<\/p>\n<p>&nbsp;<\/p>\n<p><img loading=\"lazy\" decoding=\"async\" src=\"\/\/ae01.alicdn.com\/kf\/S7f64e8a69c9c41f2a4b2eeda0e46234cP.jpg\" width=\"600\" height=\"600\" \/><\/p>\n<p>&nbsp;<\/p>\n<p>&nbsp;<\/p>\n<p><img loading=\"lazy\" decoding=\"async\" src=\"\/\/ae01.alicdn.com\/kf\/Scfb28a857c42443f9f98a4e27ee88ed5q.jpg\" width=\"600\" height=\"600\" \/><\/p>\n<p>&nbsp;<\/p>\n<p>&nbsp;<\/p>\n<p><img loading=\"lazy\" decoding=\"async\" src=\"\/\/ae01.alicdn.com\/kf\/S76eedc9187d047c6b548a9279f6d0a7cK.jpg\" width=\"600\" height=\"600\" \/><\/p>\n<p>&nbsp;<\/p>\n<p>&nbsp;<\/p>\n<p><img loading=\"lazy\" decoding=\"async\" src=\"\/\/ae01.alicdn.com\/kf\/S2f33a125c1814ca59a9cb2294e72ebaeP.jpg\" width=\"600\" height=\"600\" \/><\/p>\n<p>&nbsp;<\/p>\n<p>&nbsp;<\/p>\n<p><img loading=\"lazy\" decoding=\"async\" src=\"\/\/ae01.alicdn.com\/kf\/S4e77771b34ab42ed80874e870166bc39k.jpg\" width=\"600\" height=\"600\" \/><\/p>\n<p>&nbsp;<\/p>\n<p>&nbsp;<\/p>\n<p><img loading=\"lazy\" decoding=\"async\" src=\"\/\/ae01.alicdn.com\/kf\/Sa77157dbba9742789e56dca37df419984.jpg\" width=\"600\" height=\"600\" \/><\/p>\n<p>&nbsp;<\/p>\n<p>&nbsp;<\/p>\n<p><img loading=\"lazy\" decoding=\"async\" src=\"\/\/ae01.alicdn.com\/kf\/S2744abec9d3d4209b08129702d9a825cL.jpg\" width=\"600\" height=\"600\" \/><\/p>\n<p>&nbsp;<\/p>\n<p>&nbsp;<\/p>\n<p><img loading=\"lazy\" decoding=\"async\" src=\"\/\/ae01.alicdn.com\/kf\/S5844b6b2afe74d5786e18933f17a8f9cU.jpg\" width=\"600\" height=\"600\" \/><\/p>\n<p>&nbsp;<\/p>\n<p>&nbsp;<\/p>\n<p><img loading=\"lazy\" decoding=\"async\" src=\"\/\/ae01.alicdn.com\/kf\/S76eedc9187d047c6b548a9279f6d0a7cK.jpg\" width=\"600\" height=\"600\" \/><\/p>\n<p>&nbsp;<\/p>\n<p>&nbsp;<\/p>\n<p><img loading=\"lazy\" decoding=\"async\" src=\"\/\/ae01.alicdn.com\/kf\/S9fdfc8c826be4e9595a24949017e72acL.jpg\" width=\"600\" height=\"600\" \/><\/p>\n<p>&nbsp;<\/p>\n<p>&nbsp;<\/p>\n<p><img loading=\"lazy\" decoding=\"async\" src=\"\/\/ae01.alicdn.com\/kf\/S35b6b5515b114c10ab503a147fbbfdc7B.jpg\" width=\"600\" height=\"600\" \/><\/p>\n<p>&nbsp;<\/p>\n<p>&nbsp;<\/p>\n<p><img loading=\"lazy\" decoding=\"async\" src=\"\/\/ae01.alicdn.com\/kf\/S61a2db43b3fb48989d056a844f1ee59bA.jpg\" width=\"600\" height=\"600\" \/><\/p>\n<p>&nbsp;<\/p>\n<p>&nbsp;<\/p>\n<p>&nbsp;<\/p>","protected":false},"excerpt":{"rendered":"<p>Personalized Initial Pendant Necklace Wear your story with elegance Celebrate individuality with this beautiful initial pendant necklace, designed to add a personal and meaningful touch to your jewelry collection. Each pendant features a finely crafted letter adorned with sparkling gemstones, creating a delicate balance between elegance and brilliance. Personal, Elegant, Timeless Available in all 26 [&hellip;]<\/p>\n","protected":false},"featured_media":1472,"template":"","meta":{"jetpack_post_was_ever_published":false},"product_brand":[],"product_cat":[43,169],"product_tag":[],"class_list":{"0":"post-1445","1":"product","2":"type-product","3":"status-publish","4":"has-post-thumbnail","6":"product_cat-pendants","7":"product_cat-women-pendants","9":"first","10":"instock","11":"taxable","12":"shipping-taxable","13":"purchasable","14":"product-type-variable"},"jetpack_sharing_enabled":true,"_links":{"self":[{"href":"https:\/\/aloashop.com\/es\/wp-json\/wp\/v2\/product\/1445","targetHints":{"allow":["GET"]}}],"collection":[{"href":"https:\/\/aloashop.com\/es\/wp-json\/wp\/v2\/product"}],"about":[{"href":"https:\/\/aloashop.com\/es\/wp-json\/wp\/v2\/types\/product"}],"wp:featuredmedia":[{"embeddable":true,"href":"https:\/\/aloashop.com\/es\/wp-json\/wp\/v2\/media\/1472"}],"wp:attachment":[{"href":"https:\/\/aloashop.com\/es\/wp-json\/wp\/v2\/media?parent=1445"}],"wp:term":[{"taxonomy":"product_brand","embeddable":true,"href":"https:\/\/aloashop.com\/es\/wp-json\/wp\/v2\/product_brand?post=1445"},{"taxonomy":"product_cat","embeddable":true,"href":"https:\/\/aloashop.com\/es\/wp-json\/wp\/v2\/product_cat?post=1445"},{"taxonomy":"product_tag","embeddable":true,"href":"https:\/\/aloashop.com\/es\/wp-json\/wp\/v2\/product_tag?post=1445"}],"curies":[{"name":"wp","href":"https:\/\/api.w.org\/{rel}","templated":true}]}}