{"id":1263,"date":"2026-01-23T01:04:10","date_gmt":"2026-01-23T00:04:10","guid":{"rendered":"https:\/\/aloashop.com\/product\/vnox-cuban-link-chain-bracelets-for-men-boys\/"},"modified":"2026-02-11T18:18:27","modified_gmt":"2026-02-11T17:18:27","slug":"vnox-cuban-link-chain-bracelets-for-men-boys","status":"publish","type":"product","link":"https:\/\/aloashop.com\/es\/producto\/vnox-cuban-link-chain-bracelets-for-men-boys\/","title":{"rendered":"Pulseras de cadena de eslabones cubanos"},"content":{"rendered":"<h2 data-start=\"198\" data-end=\"225\">Pulsera de eslabones cubanos<\/h2>\n<h3 data-start=\"226\" data-end=\"257\">Estilo atrevido, dise\u00f1o atemporal<\/h3>\n<p data-start=\"259\" data-end=\"461\">Mejora tu colecci\u00f3n de accesorios con esta elegante pulsera de eslabones cubanos. Dise\u00f1ada tanto para hombres como para mujeres que aprecian la elegancia moderna, sus eslabones entrelazados pulidos crean una declaraci\u00f3n de estilo contundente.<\/p>\n<p data-start=\"463\" data-end=\"560\">Perfecto para usar solo para un look minimalista o combinado con otras pulseras para lograr un mayor impacto.<\/p>\n<hr data-start=\"562\" data-end=\"565\" \/>\n<h2 data-start=\"567\" data-end=\"607\">Enlace cubano cl\u00e1sico, estilo vers\u00e1til<\/h2>\n<p data-start=\"609\" data-end=\"722\">Dise\u00f1ado con atenci\u00f3n al detalle, el dise\u00f1o de eslab\u00f3n cubano garantiza durabilidad y una est\u00e9tica elegante y contempor\u00e1nea.<\/p>\n<p data-start=\"724\" data-end=\"886\">Disponible en <strong data-start=\"737\" data-end=\"773\">acabados en plata, oro y negro<\/strong>, como tambien en <strong data-start=\"786\" data-end=\"815\">multiples tallas y estilos<\/strong>, esta pulsera se puede personalizar para adaptarse a cualquier atuendo o estilo personal.<\/p>\n<hr data-start=\"888\" data-end=\"891\" \/>\n<h2 data-start=\"893\" data-end=\"914\">Detalles de producto<\/h2>\n<ul data-start=\"916\" data-end=\"1153\">\n<li data-start=\"916\" data-end=\"945\">\n<p data-start=\"918\" data-end=\"945\">Tipo: Pulsera de eslabones cubanos<\/p>\n<\/li>\n<li data-start=\"946\" data-end=\"999\">\n<p data-start=\"948\" data-end=\"999\">Material: Metal de alta calidad con acabado pulido<\/p>\n<\/li>\n<li data-start=\"1000\" data-end=\"1033\">\n<p data-start=\"1002\" data-end=\"1033\">Colores: Plata \/ Oro \/ Negro<\/p>\n<\/li>\n<li data-start=\"1034\" data-end=\"1069\">\n<p data-start=\"1036\" data-end=\"1069\">Tama\u00f1os: Varios tama\u00f1os disponibles<\/p>\n<\/li>\n<li data-start=\"1070\" data-end=\"1105\">\n<p data-start=\"1072\" data-end=\"1105\">Estilo: Moderno, urbano, vers\u00e1til<\/p>\n<\/li>\n<li data-start=\"1106\" data-end=\"1153\">\n<p data-start=\"1108\" data-end=\"1153\">Ideal para: uso diario, capas o regalo<\/p>\n<\/li>\n<\/ul>\n<hr data-start=\"1155\" data-end=\"1158\" \/>\n<h2 data-start=\"1160\" data-end=\"1195\">Un regalo elegante y significativo<\/h2>\n<p data-start=\"1197\" data-end=\"1375\">Perfecta para cumplea\u00f1os, aniversarios o como un regalo a la moda. Esta pulsera de eslabones cubanos combina fuerza, elegancia y versatilidad: una pieza que complementa cualquier armario.<\/p>\n<hr data-start=\"1377\" data-end=\"1380\" \/>\n<h2 data-start=\"1382\" data-end=\"1417\">Estilo atrevido para cada ocasi\u00f3n<\/h2>\n<p data-start=\"1419\" data-end=\"1507\">Una pulsera llamativa dise\u00f1ada para destacarse, combinando un dise\u00f1o atemporal con un estilo moderno.<\/p>\n<p>&nbsp;<\/p>\n<div>\n<p style=\"margin: 5px 0px 5px 0px;\"><img loading=\"lazy\" decoding=\"async\" class=\"\" src=\"\/\/ae01.alicdn.com\/kf\/Sfda0af7134df4f508bce2e8d90e330761.jpg\" width=\"600\" height=\"600\" \/><\/p>\n<\/div>\n<p>&nbsp;<\/p>\n<div>\n<p style=\"margin: 5px 0px 5px 0px;\"><img loading=\"lazy\" decoding=\"async\" class=\"\" src=\"\/\/ae01.alicdn.com\/kf\/Sd8997dd1041848fcab1af80e0e1769d7o.jpg\" width=\"600\" height=\"600\" \/><\/p>\n<\/div>\n<p>&nbsp;<\/p>\n<div>\n<p style=\"margin: 5px 0px 5px 0px;\"><img loading=\"lazy\" decoding=\"async\" class=\"\" src=\"\/\/ae01.alicdn.com\/kf\/S9acdb9a1d41b4bd7ad31bb44eced4a31q.jpg\" width=\"600\" height=\"600\" \/><\/p>\n<\/div>\n<p>&nbsp;<\/p>\n<p>&nbsp;<\/p>\n<div>\n<p style=\"margin: 5px 0px 5px 0px;\"><img loading=\"lazy\" decoding=\"async\" class=\"\" src=\"\/\/ae01.alicdn.com\/kf\/S13d55f159ce34f66acf2b7817da4c43be.jpg\" width=\"600\" height=\"600\" \/><\/p>\n<p style=\"margin: 5px 0px 5px 0px;\">\n<\/div>\n<p>&nbsp;<\/p>","protected":false},"excerpt":{"rendered":"<p>Cuban Link Bracelet Bold style, timeless design Upgrade your accessory game with this stylish Cuban link bracelet. Designed for both men and women who appreciate modern elegance, its polished interlocking links create a strong, fashionable statement. Perfect for wearing alone for a minimalist look or stacked with other bracelets for added impact. Classic Cuban Link, [&hellip;]<\/p>\n","protected":false},"featured_media":1282,"template":"","meta":{"jetpack_post_was_ever_published":false},"product_brand":[],"product_cat":[44,166],"product_tag":[],"class_list":{"0":"post-1263","1":"product","2":"type-product","3":"status-publish","4":"has-post-thumbnail","6":"product_cat-bracelets","7":"product_cat-men","9":"first","10":"instock","11":"taxable","12":"shipping-taxable","13":"purchasable","14":"product-type-variable"},"jetpack_sharing_enabled":true,"_links":{"self":[{"href":"https:\/\/aloashop.com\/es\/wp-json\/wp\/v2\/product\/1263","targetHints":{"allow":["GET"]}}],"collection":[{"href":"https:\/\/aloashop.com\/es\/wp-json\/wp\/v2\/product"}],"about":[{"href":"https:\/\/aloashop.com\/es\/wp-json\/wp\/v2\/types\/product"}],"wp:featuredmedia":[{"embeddable":true,"href":"https:\/\/aloashop.com\/es\/wp-json\/wp\/v2\/media\/1282"}],"wp:attachment":[{"href":"https:\/\/aloashop.com\/es\/wp-json\/wp\/v2\/media?parent=1263"}],"wp:term":[{"taxonomy":"product_brand","embeddable":true,"href":"https:\/\/aloashop.com\/es\/wp-json\/wp\/v2\/product_brand?post=1263"},{"taxonomy":"product_cat","embeddable":true,"href":"https:\/\/aloashop.com\/es\/wp-json\/wp\/v2\/product_cat?post=1263"},{"taxonomy":"product_tag","embeddable":true,"href":"https:\/\/aloashop.com\/es\/wp-json\/wp\/v2\/product_tag?post=1263"}],"curies":[{"name":"wp","href":"https:\/\/api.w.org\/{rel}","templated":true}]}}